{"id":23,"date":"2017-01-06T11:41:37","date_gmt":"2017-01-06T11:41:37","guid":{"rendered":"http:\/\/www.msi-tirol.com\/?page_id=23"},"modified":"2025-02-10T20:38:57","modified_gmt":"2025-02-10T19:38:57","slug":"termine","status":"publish","type":"page","link":"https:\/\/www.msi-tirol.com\/?page_id=23","title":{"rendered":"Aktuelles"},"content":{"rendered":"\n<p>Als der wohl \u00e4lteste aktive Motorrad-Club \u00d6sterreichs bietet die MSI ihren Mitgliedern ein abwechslungsreiches Clubprogramm: Ein- bis mehrt\u00e4gige Ausfahrten, Suchfahrten, die traditionelle Gedenkfahrt im Mai und viele gemeinsame Freizeitaktivit\u00e4ten wie z.B. Tontauben- und Eisstockschie\u00dfen, T\u00f6rggelen, Cart-Fahren oder Kegeln und Vieles mehr.<\/p>\n\n\n\n<p>Weitere Infos zum Programm k\u00f6nnt ihr dem Jahreskalender bzw. bei unseren Clubabenden erhalten.<\/p>\n\n\n\n<p>Das Programm 2025 ist bereits zum Download eingestellt. Wir freuen uns, wenn viele MSI-ler*innen daran teilnehmen!<\/p>\n\n\n\n<p class=\"has-text-align-center\"><a href=\"http:\/\/www.msi-tirol.com\/?tribe_events=clubabend\" data-type=\"tribe_events\" data-id=\"1146\">MSI-Clubabend<\/a><\/p>\n\n\n\n<p class=\"has-text-align-center\"><a href=\"http:\/\/www.msi-tirol.com\/?page_id=224\" data-type=\"page\" data-id=\"224\">MSI-Jahreskalender<\/a><\/p>\n","protected":false},"excerpt":{"rendered":"<p>Als der wohl \u00e4lteste aktive Motorrad-Club \u00d6sterreichs bietet die MSI ihren Mitgliedern ein abwechslungsreiches Clubprogramm: Ein- bis mehrt\u00e4gige Ausfahrten, Suchfahrten, die traditionelle Gedenkfahrt im Mai und viele gemeinsame Freizeitaktivit\u00e4ten wie z.B. Tontauben- und Eisstockschie\u00dfen, T\u00f6rggelen, Cart-Fahren oder Kegeln und Vieles mehr. Weitere Infos zum Programm k\u00f6nnt ihr dem Jahreskalender bzw. bei unseren Clubabenden erhalten. Das&hellip; <a class=\"more-link\" href=\"https:\/\/www.msi-tirol.com\/?page_id=23\"><span class=\"screen-reader-text\">Aktuelles<\/span> weiterlesen<\/a><\/p>\n","protected":false},"author":9,"featured_media":0,"parent":0,"menu_order":0,"comment_status":"closed","ping_status":"closed","template":"","meta":[],"_links":{"self":[{"href":"https:\/\/www.msi-tirol.com\/index.php?rest_route=\/wp\/v2\/pages\/23"}],"collection":[{"href":"https:\/\/www.msi-tirol.com\/index.php?rest_route=\/wp\/v2\/pages"}],"about":[{"href":"https:\/\/www.msi-tirol.com\/index.php?rest_route=\/wp\/v2\/types\/page"}],"author":[{"embeddable":true,"href":"https:\/\/www.msi-tirol.com\/index.php?rest_route=\/wp\/v2\/users\/9"}],"replies":[{"embeddable":true,"href":"https:\/\/www.msi-tirol.com\/index.php?rest_route=%2Fwp%2Fv2%2Fcomments&post=23"}],"version-history":[{"count":17,"href":"https:\/\/www.msi-tirol.com\/index.php?rest_route=\/wp\/v2\/pages\/23\/revisions"}],"predecessor-version":[{"id":2523,"href":"https:\/\/www.msi-tirol.com\/index.php?rest_route=\/wp\/v2\/pages\/23\/revisions\/2523"}],"wp:attachment":[{"href":"https:\/\/www.msi-tirol.com\/index.php?rest_route=%2Fwp%2Fv2%2Fmedia&parent=23"}],"curies":[{"name":"wp","href":"https:\/\/api.w.org\/{rel}","templated":true}]}}