{"id":224,"date":"2017-07-31T13:27:04","date_gmt":"2017-07-31T13:27:04","guid":{"rendered":"http:\/\/www.msi-tirol.com\/?page_id=224"},"modified":"2026-02-23T19:04:46","modified_gmt":"2026-02-23T18:04:46","slug":"msi-jahresplan","status":"publish","type":"page","link":"https:\/\/www.msi-tirol.com\/?page_id=224","title":{"rendered":"MSI Jahresplan"},"content":{"rendered":"\n<figure class=\"wp-block-image size-large\"><img decoding=\"async\" loading=\"lazy\" width=\"1024\" height=\"729\" src=\"https:\/\/www.msi-tirol.com\/wp-content\/uploads\/2026\/02\/Jahresplan_2026-neu-1024x729.jpg\" alt=\"\" class=\"wp-image-2560\" srcset=\"https:\/\/www.msi-tirol.com\/wp-content\/uploads\/2026\/02\/Jahresplan_2026-neu-1024x729.jpg 1024w, https:\/\/www.msi-tirol.com\/wp-content\/uploads\/2026\/02\/Jahresplan_2026-neu-300x214.jpg 300w, https:\/\/www.msi-tirol.com\/wp-content\/uploads\/2026\/02\/Jahresplan_2026-neu-768x547.jpg 768w, https:\/\/www.msi-tirol.com\/wp-content\/uploads\/2026\/02\/Jahresplan_2026-neu.jpg 1126w\" sizes=\"(max-width: 1024px) 100vw, 1024px\" \/><figcaption class=\"wp-element-caption\">Jahresplanung der MSI 2025 im \u00dcberblick (f\u00fcr einen Download bitte den Link \u00f6ffnen)<\/figcaption><\/figure>\n\n\n\n<p><a href=\"http:\/\/www.msi-tirol.com\/wp-content\/uploads\/2026\/02\/MSI_Jahresplan_2026-neu.pdf\" data-type=\"URL\" target=\"_blank\" rel=\"noreferrer noopener\">MSI Jahresplan 2026<\/a><\/p>\n\n\n\n<p>Der Jahresplan 2026 wurde an alle Mitglieder versandt. Dar\u00fcber hinaus kann der Jahresplan \u00fcber den obigen Link heruntergeladen werden. Die konkrete Ausschreibung der einzelnen Events erfolgt wie gehabt per E-Mail.<\/p>\n","protected":false},"excerpt":{"rendered":"<p>MSI Jahresplan 2026 Der Jahresplan 2026 wurde an alle Mitglieder versandt. Dar\u00fcber hinaus kann der Jahresplan \u00fcber den obigen Link heruntergeladen werden. Die konkrete Ausschreibung der einzelnen Events erfolgt wie gehabt per E-Mail.<\/p>\n","protected":false},"author":9,"featured_media":0,"parent":23,"menu_order":0,"comment_status":"closed","ping_status":"closed","template":"","meta":[],"_links":{"self":[{"href":"https:\/\/www.msi-tirol.com\/index.php?rest_route=\/wp\/v2\/pages\/224"}],"collection":[{"href":"https:\/\/www.msi-tirol.com\/index.php?rest_route=\/wp\/v2\/pages"}],"about":[{"href":"https:\/\/www.msi-tirol.com\/index.php?rest_route=\/wp\/v2\/types\/page"}],"author":[{"embeddable":true,"href":"https:\/\/www.msi-tirol.com\/index.php?rest_route=\/wp\/v2\/users\/9"}],"replies":[{"embeddable":true,"href":"https:\/\/www.msi-tirol.com\/index.php?rest_route=%2Fwp%2Fv2%2Fcomments&post=224"}],"version-history":[{"count":64,"href":"https:\/\/www.msi-tirol.com\/index.php?rest_route=\/wp\/v2\/pages\/224\/revisions"}],"predecessor-version":[{"id":2563,"href":"https:\/\/www.msi-tirol.com\/index.php?rest_route=\/wp\/v2\/pages\/224\/revisions\/2563"}],"up":[{"embeddable":true,"href":"https:\/\/www.msi-tirol.com\/index.php?rest_route=\/wp\/v2\/pages\/23"}],"wp:attachment":[{"href":"https:\/\/www.msi-tirol.com\/index.php?rest_route=%2Fwp%2Fv2%2Fmedia&parent=224"}],"curies":[{"name":"wp","href":"https:\/\/api.w.org\/{rel}","templated":true}]}}