{"id":173,"date":"2017-05-04T13:48:00","date_gmt":"2017-05-04T13:48:00","guid":{"rendered":"http:\/\/www.msi-tirol.com\/?page_id=173"},"modified":"2025-12-27T20:11:27","modified_gmt":"2025-12-27T19:11:27","slug":"aktuelle-events","status":"publish","type":"page","link":"https:\/\/www.msi-tirol.com\/?page_id=173","title":{"rendered":"Aktuelle Ausschreibung"},"content":{"rendered":"\n<p class=\"has-large-font-size\"><strong>Touristikmeisterschaft<\/strong><\/p>\n\n\n\n<p><em>Wann:<\/em> <strong>Es erwarten uns 1\/2-t\u00e4gige bis 4-t\u00e4gige Ausfahrten<\/strong><br><em>Veranstalter:<\/em> <strong>MSI Tirol<\/strong><\/p>\n\n\n\n<p>Ausschreibung an alle Mitglieder erfolgt rechtzeitig per E-Mail<\/p>\n\n\n\n<p>Treffpunkt jeder Ausfahrt ist immer der <a href=\"http:\/\/www.msi-tirol.com\/?page_id=981\" data-type=\"page\" data-id=\"981\">\u00d6AMTC St\u00fctzpunkt<\/a> in Innsbruck, es sei denn in der jeweiligen Ausschreibung wird ein abweichender Startpunkt explizit bekanntgegeben. Eine \u00dcbersicht unserer Ausfahrten kann dem <a href=\"https:\/\/www.msi-tirol.com\/?page_id=224\" target=\"_blank\" rel=\"noreferrer noopener\">Jahresplan<\/a> entnommen werden, der normalerweise ab Anfang M\u00e4rz jeden Jahres aktualisiert zur Verf\u00fcgung steht. <\/p>\n\n\n\n<hr class=\"wp-block-separator has-alpha-channel-opacity\" \/>\n\n\n\n<p class=\"has-large-font-size\"><strong>Vereinsmeisterschaft<\/strong><\/p>\n\n\n\n<p>Unser Programm jenseits unserer Ausfahrten ist ebenfalls dem <a href=\"http:\/\/www.msi-tirol.com\/?page_id=224\" data-type=\"page\" target=\"_blank\" rel=\"noreferrer noopener\">Jahresplan<\/a> zu entnehmen, der in der Regel ab Anfang M\u00e4rz jeden Jahres zur Verf\u00fcgung steht. Unser Vereinsleben umfasst neben Motorradfahren u.a. Kegeln, Eisstockschie\u00dfen, Pokern, Darten, Schitourentage, Wintersporttage und Erlebnistage bis hin zum j\u00e4hrlichen T\u00f6rggelen. Am Ende eines bunten Veranstaltungskalenders steht traditionell unsere allj\u00e4hrliche Weihnachtsfeier.<\/p>\n\n\n\n<p><em>Wann:<\/em> <strong>halb- bis ganzt\u00e4gige Events<\/strong><br><em>Wo:<\/em>&nbsp;<strong>Je nach Veranstaltung<\/strong><br><em>Veranstalter:<\/em>&nbsp;<strong>MSI-Tirol<\/strong><\/p>\n\n\n\n<p>Ausschreibung an alle Mitglieder erfolgt rechtzeitig per E-Mail.<\/p>\n\n\n\n<hr class=\"wp-block-separator has-alpha-channel-opacity\" \/>\n\n\n\n<p>Achtung: Die <strong>Jahreshauptversammlung <\/strong>der MSI findet jeweils am <strong>1. Freitag im J\u00e4nner<\/strong> statt. Veranstaltungsort: <strong>\u00d6AMTC Innsbruck, Veranstaltungsraum im 1. Stock; Beginn: 18:00 Uhr<\/strong>. Jedes MSI-Mitglied ist herzlich eingeladen, an dieser Mitglieder-Versammlung teilzunehmen und aktiv das Clubleben mit zu gestalten. <\/p>\n\n\n\n<p>Die T-Shirts, die anl\u00e4sslich der Feier des 75-j\u00e4hrigen Bestehens gedruckt wurden, und das Vereins-Jahrbuch &#8222;Der Kolbenreiber&#8220; k\u00f6nnen dort ebenfalls erworben werden.<\/p>\n\n\n\n<figure class=\"wp-block-image size-large is-style-default\"><img decoding=\"async\" loading=\"lazy\" width=\"1024\" height=\"768\" src=\"https:\/\/www.msi-tirol.com\/wp-content\/uploads\/2023\/05\/P7260434-1024x768.jpg\" alt=\"\" class=\"wp-image-2348\" srcset=\"https:\/\/www.msi-tirol.com\/wp-content\/uploads\/2023\/05\/P7260434-1024x768.jpg 1024w, https:\/\/www.msi-tirol.com\/wp-content\/uploads\/2023\/05\/P7260434-300x225.jpg 300w, https:\/\/www.msi-tirol.com\/wp-content\/uploads\/2023\/05\/P7260434-768x576.jpg 768w, https:\/\/www.msi-tirol.com\/wp-content\/uploads\/2023\/05\/P7260434-1536x1152.jpg 1536w, https:\/\/www.msi-tirol.com\/wp-content\/uploads\/2023\/05\/P7260434-2048x1536.jpg 2048w, https:\/\/www.msi-tirol.com\/wp-content\/uploads\/2023\/05\/P7260434-1568x1176.jpg 1568w\" sizes=\"(max-width: 1024px) 100vw, 1024px\" \/><\/figure>\n\n\n<div class=\"wp-block-image\">\n<figure class=\"aligncenter is-resized\"><a href=\"https:\/\/www.facebook.com\/groups\/259951623706\/\" target=\"_blank\" rel=\"noreferrer noopener\"><img decoding=\"async\" loading=\"lazy\" src=\"http:\/\/www.msi-tirol.com\/wp-content\/uploads\/2019\/11\/facebook-android.png-l.jpg\" alt=\"\" class=\"wp-image-1606\" width=\"80\" height=\"80\" srcset=\"https:\/\/www.msi-tirol.com\/wp-content\/uploads\/2019\/11\/facebook-android.png-l.jpg 225w, https:\/\/www.msi-tirol.com\/wp-content\/uploads\/2019\/11\/facebook-android.png-l-150x150.jpg 150w, https:\/\/www.msi-tirol.com\/wp-content\/uploads\/2019\/11\/facebook-android.png-l-100x100.jpg 100w\" sizes=\"(max-width: 80px) 100vw, 80px\" \/><\/a><\/figure><\/div>","protected":false},"excerpt":{"rendered":"<p>Touristikmeisterschaft Wann: Es erwarten uns 1\/2-t\u00e4gige bis 4-t\u00e4gige AusfahrtenVeranstalter: MSI Tirol Ausschreibung an alle Mitglieder erfolgt rechtzeitig per E-Mail Treffpunkt jeder Ausfahrt ist immer der \u00d6AMTC St\u00fctzpunkt in Innsbruck, es sei denn in der jeweiligen Ausschreibung wird ein abweichender Startpunkt explizit bekanntgegeben. Eine \u00dcbersicht unserer Ausfahrten kann dem Jahresplan entnommen werden, der normalerweise ab Anfang&hellip; <a class=\"more-link\" href=\"https:\/\/www.msi-tirol.com\/?page_id=173\"><span class=\"screen-reader-text\">Aktuelle Ausschreibung<\/span> weiterlesen<\/a><\/p>\n","protected":false},"author":9,"featured_media":0,"parent":23,"menu_order":0,"comment_status":"closed","ping_status":"closed","template":"","meta":[],"_links":{"self":[{"href":"https:\/\/www.msi-tirol.com\/index.php?rest_route=\/wp\/v2\/pages\/173"}],"collection":[{"href":"https:\/\/www.msi-tirol.com\/index.php?rest_route=\/wp\/v2\/pages"}],"about":[{"href":"https:\/\/www.msi-tirol.com\/index.php?rest_route=\/wp\/v2\/types\/page"}],"author":[{"embeddable":true,"href":"https:\/\/www.msi-tirol.com\/index.php?rest_route=\/wp\/v2\/users\/9"}],"replies":[{"embeddable":true,"href":"https:\/\/www.msi-tirol.com\/index.php?rest_route=%2Fwp%2Fv2%2Fcomments&post=173"}],"version-history":[{"count":276,"href":"https:\/\/www.msi-tirol.com\/index.php?rest_route=\/wp\/v2\/pages\/173\/revisions"}],"predecessor-version":[{"id":2548,"href":"https:\/\/www.msi-tirol.com\/index.php?rest_route=\/wp\/v2\/pages\/173\/revisions\/2548"}],"up":[{"embeddable":true,"href":"https:\/\/www.msi-tirol.com\/index.php?rest_route=\/wp\/v2\/pages\/23"}],"wp:attachment":[{"href":"https:\/\/www.msi-tirol.com\/index.php?rest_route=%2Fwp%2Fv2%2Fmedia&parent=173"}],"curies":[{"name":"wp","href":"https:\/\/api.w.org\/{rel}","templated":true}]}}