{"id":1198,"date":"2018-03-16T15:21:27","date_gmt":"2018-03-16T13:21:27","guid":{"rendered":"http:\/\/www.msi-tirol.com\/?page_id=1198"},"modified":"2023-03-14T15:11:59","modified_gmt":"2023-03-14T14:11:59","slug":"datenschutzerklaerung","status":"publish","type":"page","link":"https:\/\/www.msi-tirol.com\/?page_id=1198","title":{"rendered":"Datenschutzerkl\u00e4rung"},"content":{"rendered":"\n<p>Herzlich Willkommen auf unserer Web-Seite!<\/p>\n\n\n\n<p>Wir legen gr\u00f6\u00dften Wert auf den Schutz Ihrer Daten und die Wahrung Ihrer Privatsph\u00e4re. Nachstehend informieren wir Sie deshalb \u00fcber die Erhebung und Verwendung pers\u00f6nlicher Daten bei Nutzung unserer Web-Seiten.<\/p>\n\n\n\n<p>Anonyme Datenerhebung<br>Sie k\u00f6nnen unsere Web &#8211; Seiten besuchen, ohne Angaben zu Ihrer Person zu machen. Wir speichern in diesem Zusammenhang keinerlei pers\u00f6nliche Daten.<\/p>\n\n\n\n<p>Erhebung, Verarbeitung und Nutzung personenbezogener Daten:<br>Wir erheben personenbezogene Daten (Einzelangaben \u00fcber pers\u00f6nliche oder sachliche Verh\u00e4ltnisse einer bestimmten oder bestimmbaren nat\u00fcrlichen Person) nur in dem von Ihnen zur Verf\u00fcgung gestellten Umfang.<br>Die Verarbeitung und Nutzung Ihrer personenbezogenen Daten erfolgt zur Erf\u00fcllung und Abwicklung Ihrer Bestellung, f\u00fcr den Fall, da\u00df tempor\u00e4r ein Webshop eingerichtet sein sollte (derzeit nicht der Fall), sowie zur Bearbeitung Ihrer Anfragen (z.B.: Ansuchen um die Aufnahme als Clubmitglied).<br>Nach vollst\u00e4ndiger Vertragsabwicklung werden alle personenbezogenen Daten zun\u00e4chst unter Ber\u00fccksichtigung steuer- und handelsrechtlicher Aufbewahrungsfristen gespeichert und dann nach Fristablauf gel\u00f6scht, sofern Sie der weitergehenden Verarbeitung und Nutzung nicht zugestimmt haben.<\/p>\n\n\n\n<p>Anfragen: Alle Daten die im Zuge einer Anfragen erhoben werden, werden vom Web-Administrator aufgenommen und in der MSI-Datenbank von Peppler Hosting abgelegt. Weitere Person mit Einsicht ist der Vereinsschriftf\u00fchrer zur Verwaltung und kontrolle der Vereinsmitglieder.&nbsp;<\/p>\n\n\n\n<p>Web Shop: F\u00fcr den Fall, da\u00df es zur Einrichtung eines Webshop kommen sollte, w\u00fcrden s\u00e4mtliche Daten die vom K\u00e4ufer (Name, Adresse, Telefonnumer, E-Mailadresse, Lieferadresse, Kontonummer ev. ATU Nummer) vom Web-Administrator aufgenommen werden und in der MSI-Datenbank von Peppler Hosting abgelegt. Weitere Person mit Einsicht w\u00e4re der Vereinskassier zur Verwaltung und kontrolle der eingegangenen Geld-Betr\u00e4ge.&nbsp;<\/p>\n\n\n\n<p>S\u00e4mtliche Inhalte auf allen gezeigten Seiten handeln von und \u00fcber Mitglieder der Motoradsection Innsbruck (MSI). Alle Abbildungen Zeigen ausschlie\u00dflich Mitglieder, oder Motorr\u00e4der der MSI.<\/p>\n\n\n\n<p>Weitergabe personenbezogener Daten:<br>Eine Weitergabe Ihrer Daten an Dritte ohne Ihre ausdr\u00fcckliche Einwilligung erfolgt nicht.<\/p>\n\n\n\n<p>Auskunft, Berichtigung, Sperrung und L\u00f6schung von Daten<br>Sie haben jederzeit das Recht auf unentgeltliche Auskunft \u00fcber Ihre gespeicherten Daten sowie das Recht auf Berichtigung, L\u00f6schung bzw. Sperrung. Kontaktieren Sie uns auf Wunsch. Die Kontaktdaten finden Sie in unserem Impressum.<\/p>\n\n\n\n<p>AnalyticsSW &amp; sonstige dritte Dienste:<\/p>\n\n\n\n<p>Wir verwenden die Analyse Software Yoast SEO um die erstellten Texte lesbarer und verst\u00e4ndlicher zu machen. Durch die Verwendung werden aber keine Daten von Homepagebesuchern erhoben<\/p>\n\n\n\n<p>Ortsangaben , die auf dieser Homepage gemacht werden, beziehen sich immer auf \u00f6ffentlich zug\u00e4ngliche Daten der genannten Orte bzw. Firmen.<\/p>\n","protected":false},"excerpt":{"rendered":"<p>Herzlich Willkommen auf unserer Web-Seite! Wir legen gr\u00f6\u00dften Wert auf den Schutz Ihrer Daten und die Wahrung Ihrer Privatsph\u00e4re. Nachstehend informieren wir Sie deshalb \u00fcber die Erhebung und Verwendung pers\u00f6nlicher Daten bei Nutzung unserer Web-Seiten. Anonyme DatenerhebungSie k\u00f6nnen unsere Web &#8211; Seiten besuchen, ohne Angaben zu Ihrer Person zu machen. Wir speichern in diesem Zusammenhang&hellip; <a class=\"more-link\" href=\"https:\/\/www.msi-tirol.com\/?page_id=1198\"><span class=\"screen-reader-text\">Datenschutzerkl\u00e4rung<\/span> weiterlesen<\/a><\/p>\n","protected":false},"author":9,"featured_media":0,"parent":0,"menu_order":0,"comment_status":"closed","ping_status":"closed","template":"","meta":[],"_links":{"self":[{"href":"https:\/\/www.msi-tirol.com\/index.php?rest_route=\/wp\/v2\/pages\/1198"}],"collection":[{"href":"https:\/\/www.msi-tirol.com\/index.php?rest_route=\/wp\/v2\/pages"}],"about":[{"href":"https:\/\/www.msi-tirol.com\/index.php?rest_route=\/wp\/v2\/types\/page"}],"author":[{"embeddable":true,"href":"https:\/\/www.msi-tirol.com\/index.php?rest_route=\/wp\/v2\/users\/9"}],"replies":[{"embeddable":true,"href":"https:\/\/www.msi-tirol.com\/index.php?rest_route=%2Fwp%2Fv2%2Fcomments&post=1198"}],"version-history":[{"count":4,"href":"https:\/\/www.msi-tirol.com\/index.php?rest_route=\/wp\/v2\/pages\/1198\/revisions"}],"predecessor-version":[{"id":2311,"href":"https:\/\/www.msi-tirol.com\/index.php?rest_route=\/wp\/v2\/pages\/1198\/revisions\/2311"}],"wp:attachment":[{"href":"https:\/\/www.msi-tirol.com\/index.php?rest_route=%2Fwp%2Fv2%2Fmedia&parent=1198"}],"curies":[{"name":"wp","href":"https:\/\/api.w.org\/{rel}","templated":true}]}}