{"id":1087,"date":"2018-02-13T12:27:05","date_gmt":"2018-02-13T10:27:05","guid":{"rendered":"http:\/\/www.msi-tirol.com\/?page_id=1087"},"modified":"2024-11-13T09:20:55","modified_gmt":"2024-11-13T08:20:55","slug":"impressionen","status":"publish","type":"page","link":"https:\/\/www.msi-tirol.com\/?page_id=1087","title":{"rendered":"Impressionen &amp; Stories"},"content":{"rendered":"\n<p>Wer Motorrad f\u00e4hrt, dessen Herz schl\u00e4gt meist in einem etwas anderen Takt; immer wieder mal schl\u00e4gt es im Gleichklang mit dem Sound deines Motors, manchmal rast es, wenn es gilt, die eine oder andere Herausforderungen zu bew\u00e4ltigen, und manchmal bist du einfach nur gechillt und tiefenentspannt. Rahel, MSI-Mitglied, lebt und arbeitet in Kanada. Im August 2024 fuhr sie auf einer KTM 500 EXC 12.000 km, davon 60 Prozent Offroad, quer durch Kanada, um ihre Wahlheimat besser kennen zu lernen. Wer Lust auf die ganze Story hat, der klickt einfach hier: <a rel=\"noreferrer noopener\" href=\"http:\/\/www.msi-tirol.com\/wp-content\/uploads\/2024\/11\/CanLove.pdf\" target=\"_blank\">Eine kanadische Liebesgeschichte<\/a> (copyright:  Rahel Reinhardt 10\/2024)<\/p>\n\n\n<div class=\"wp-block-image\">\n<figure class=\"aligncenter\"><a href=\"http:\/\/www.msi-tirol.com\/wp-content\/uploads\/2018\/02\/MSI-Impressionen-HP1.jpg\"><img decoding=\"async\" loading=\"lazy\" width=\"1024\" height=\"576\" src=\"http:\/\/www.msi-tirol.com\/wp-content\/uploads\/2018\/02\/MSI-Impressionen-HP1-1024x576.jpg\" alt=\"\" class=\"wp-image-1085\" srcset=\"https:\/\/www.msi-tirol.com\/wp-content\/uploads\/2018\/02\/MSI-Impressionen-HP1-1024x576.jpg 1024w, https:\/\/www.msi-tirol.com\/wp-content\/uploads\/2018\/02\/MSI-Impressionen-HP1-300x169.jpg 300w, https:\/\/www.msi-tirol.com\/wp-content\/uploads\/2018\/02\/MSI-Impressionen-HP1-768x432.jpg 768w, https:\/\/www.msi-tirol.com\/wp-content\/uploads\/2018\/02\/MSI-Impressionen-HP1.jpg 1280w\" sizes=\"(max-width: 1024px) 100vw, 1024px\" \/><\/a><\/figure><\/div>\n\n<div class=\"wp-block-image\">\n<figure class=\"aligncenter\"><a href=\"http:\/\/www.msi-tirol.com\/wp-content\/uploads\/2018\/02\/MSI-Impressionen-HP2.jpg\"><img decoding=\"async\" loading=\"lazy\" width=\"1024\" height=\"576\" src=\"http:\/\/www.msi-tirol.com\/wp-content\/uploads\/2018\/02\/MSI-Impressionen-HP2-1024x576.jpg\" alt=\"\" class=\"wp-image-1086\" srcset=\"https:\/\/www.msi-tirol.com\/wp-content\/uploads\/2018\/02\/MSI-Impressionen-HP2-1024x576.jpg 1024w, https:\/\/www.msi-tirol.com\/wp-content\/uploads\/2018\/02\/MSI-Impressionen-HP2-300x169.jpg 300w, https:\/\/www.msi-tirol.com\/wp-content\/uploads\/2018\/02\/MSI-Impressionen-HP2-768x432.jpg 768w, https:\/\/www.msi-tirol.com\/wp-content\/uploads\/2018\/02\/MSI-Impressionen-HP2.jpg 1280w\" sizes=\"(max-width: 1024px) 100vw, 1024px\" \/><\/a><\/figure><\/div>\n\n<div class=\"wp-block-image\">\n<figure class=\"aligncenter\"><a href=\"http:\/\/www.msi-tirol.com\/wp-content\/uploads\/2018\/02\/Impressionen-HP3-1.jpg\"><img decoding=\"async\" loading=\"lazy\" width=\"1024\" height=\"576\" src=\"http:\/\/www.msi-tirol.com\/wp-content\/uploads\/2018\/02\/Impressionen-HP3-1-1024x576.jpg\" alt=\"\" class=\"wp-image-1094\" srcset=\"https:\/\/www.msi-tirol.com\/wp-content\/uploads\/2018\/02\/Impressionen-HP3-1-1024x576.jpg 1024w, https:\/\/www.msi-tirol.com\/wp-content\/uploads\/2018\/02\/Impressionen-HP3-1-300x169.jpg 300w, https:\/\/www.msi-tirol.com\/wp-content\/uploads\/2018\/02\/Impressionen-HP3-1-768x432.jpg 768w, https:\/\/www.msi-tirol.com\/wp-content\/uploads\/2018\/02\/Impressionen-HP3-1.jpg 1067w\" sizes=\"(max-width: 1024px) 100vw, 1024px\" \/><\/a><\/figure><\/div>\n\n\n<div style=\"height:46px\" aria-hidden=\"true\" class=\"wp-block-spacer\"><\/div>\n\n\n\n<p><\/p>\n\n\n\n<p><\/p>\n\n\n<div class=\"wp-block-image\">\n<figure class=\"aligncenter is-resized\"><a href=\"https:\/\/www.facebook.com\/search\/top\/?q=MSI+-+Motorradsektion+Innsbruck\"><img decoding=\"async\" loading=\"lazy\" src=\"http:\/\/www.msi-tirol.com\/wp-content\/uploads\/2019\/11\/facebook-android.png-l.jpg\" alt=\"\" class=\"wp-image-1606\" width=\"105\" height=\"105\" srcset=\"https:\/\/www.msi-tirol.com\/wp-content\/uploads\/2019\/11\/facebook-android.png-l.jpg 225w, https:\/\/www.msi-tirol.com\/wp-content\/uploads\/2019\/11\/facebook-android.png-l-150x150.jpg 150w, https:\/\/www.msi-tirol.com\/wp-content\/uploads\/2019\/11\/facebook-android.png-l-100x100.jpg 100w\" sizes=\"(max-width: 105px) 100vw, 105px\" \/><\/a><\/figure><\/div>\n\n\n<p><\/p>\n","protected":false},"excerpt":{"rendered":"<p>Wer Motorrad f\u00e4hrt, dessen Herz schl\u00e4gt meist in einem etwas anderen Takt; immer wieder mal schl\u00e4gt es im Gleichklang mit dem Sound deines Motors, manchmal rast es, wenn es gilt, die eine oder andere Herausforderungen zu bew\u00e4ltigen, und manchmal bist du einfach nur gechillt und tiefenentspannt. Rahel, MSI-Mitglied, lebt und arbeitet in Kanada. Im August&hellip; <a class=\"more-link\" href=\"https:\/\/www.msi-tirol.com\/?page_id=1087\"><span class=\"screen-reader-text\">Impressionen &amp; Stories<\/span> weiterlesen<\/a><\/p>\n","protected":false},"author":9,"featured_media":0,"parent":0,"menu_order":0,"comment_status":"closed","ping_status":"closed","template":"","meta":[],"_links":{"self":[{"href":"https:\/\/www.msi-tirol.com\/index.php?rest_route=\/wp\/v2\/pages\/1087"}],"collection":[{"href":"https:\/\/www.msi-tirol.com\/index.php?rest_route=\/wp\/v2\/pages"}],"about":[{"href":"https:\/\/www.msi-tirol.com\/index.php?rest_route=\/wp\/v2\/types\/page"}],"author":[{"embeddable":true,"href":"https:\/\/www.msi-tirol.com\/index.php?rest_route=\/wp\/v2\/users\/9"}],"replies":[{"embeddable":true,"href":"https:\/\/www.msi-tirol.com\/index.php?rest_route=%2Fwp%2Fv2%2Fcomments&post=1087"}],"version-history":[{"count":8,"href":"https:\/\/www.msi-tirol.com\/index.php?rest_route=\/wp\/v2\/pages\/1087\/revisions"}],"predecessor-version":[{"id":2501,"href":"https:\/\/www.msi-tirol.com\/index.php?rest_route=\/wp\/v2\/pages\/1087\/revisions\/2501"}],"wp:attachment":[{"href":"https:\/\/www.msi-tirol.com\/index.php?rest_route=%2Fwp%2Fv2%2Fmedia&parent=1087"}],"curies":[{"name":"wp","href":"https:\/\/api.w.org\/{rel}","templated":true}]}}