{"id":1031,"date":"2018-02-10T15:31:38","date_gmt":"2018-02-10T13:31:38","guid":{"rendered":"http:\/\/www.msi-tirol.com\/?page_id=1031"},"modified":"2026-04-13T18:00:19","modified_gmt":"2026-04-13T16:00:19","slug":"jaehrliche-gedenkfahrt","status":"publish","type":"page","link":"https:\/\/www.msi-tirol.com\/?page_id=1031","title":{"rendered":"J\u00e4hrliche Gedenkfahrt"},"content":{"rendered":"\n<h3 class=\"wp-block-heading\">Die Motorradsaison 2026 starten wir mit unserer j\u00e4hrlichen Gedenkfahrt! <br><\/h3>\n\n\n\n<p>Da der 1. Freitag im Mai auf einen Feiertag f\u00e4llt, findet die Gedenkfahrt 2026 am <strong>zweiten Freitag im Mai (8. Mai 2026)<\/strong> <strong>um 18:00 Uhr <\/strong>statt. Wir treffen uns wie gewohnt in der <strong>Amraser Stra\u00dfe 115, 6020 Innsbruck <\/strong>bei der ehemaligen Umkehrschleife der Stra\u00dfenbahnlinie 3. Die Strecke f\u00fchrte als Sternfahrt im Corso durch Innsbruck und wird von der Polizei abgesichert. Sie endet vor dem \u00d6AMTC Geb\u00e4ude Innsbruck mit der allj\u00e4hrlichen Segnung unserer Motorr\u00e4der. Das <a rel=\"noreferrer noopener\" href=\"http:\/\/www.msi-tirol.com\/wp-content\/uploads\/2026\/04\/Plakat_Gedenkfahrt_2026.pdf\" target=\"_blank\">Plakat 2026<\/a> steht zum Download bereit; wir freuen uns, wenn ihr es herunterladet und gerne digital wie analog verteilt!<\/p>\n\n\n\n<p>Bei der Gedenkfahrt m\u00f6chten wir allen Motorradfahrern und -fahrerinnen gedenken, die bei der Aus\u00fcbung ihres geliebten Sports ihr Leben lie\u00dfen, unabh\u00e4ngig von der Ursache der Trag\u00f6die. Au\u00dferdem erbitten wir den Segen, um die diesj\u00e4hrige Motorradsaison sicher zu bestreiten. <\/p>\n\n\n\n<p>Jeder und jede Biker*in ist au\u00dferdem jedes Jahr herzlich eingeladen, <strong>am Tag darauf an der vom Club organisierten eint\u00e4gigen offenen Motorradausfahrt teilzunehmen.<\/strong> Die Mitgliedschaft ist hierf\u00fcr keine Voraussetzung!<\/p>\n\n\n\n<p><strong>Jedes Bike ist willkommen<\/strong> &#8211; auf zahlreiches Erscheinen und die gemeinsame Ausfahrt freuen wir uns! Teile au\u00dferdem gerne unsere  <a rel=\"noreferrer noopener\" href=\"https:\/\/www.facebook.com\/1391614068\/videos\/382317767871738\/\" target=\"_blank\">Video<\/a>  auf Facebook!<\/p>\n\n\n\n<figure class=\"wp-block-image size-full\"><img decoding=\"async\" loading=\"lazy\" width=\"492\" height=\"698\" src=\"https:\/\/www.msi-tirol.com\/wp-content\/uploads\/2026\/04\/Gedenkfahrt_2026_bild.jpg\" alt=\"\" class=\"wp-image-2566\" srcset=\"https:\/\/www.msi-tirol.com\/wp-content\/uploads\/2026\/04\/Gedenkfahrt_2026_bild.jpg 492w, https:\/\/www.msi-tirol.com\/wp-content\/uploads\/2026\/04\/Gedenkfahrt_2026_bild-211x300.jpg 211w\" sizes=\"(max-width: 492px) 100vw, 492px\" \/><\/figure>\n\n\n<div class=\"wp-block-image\">\n<figure class=\"aligncenter\"><a href=\"http:\/\/www.msi-tirol.com\/wp-content\/uploads\/2018\/02\/K1600_170505GedenkfahrtP1110103.jpg\"><img decoding=\"async\" loading=\"lazy\" width=\"300\" height=\"169\" src=\"http:\/\/www.msi-tirol.com\/wp-content\/uploads\/2018\/02\/K1600_170505GedenkfahrtP1110103-300x169.jpg\" alt=\"\" class=\"wp-image-1030\" srcset=\"https:\/\/www.msi-tirol.com\/wp-content\/uploads\/2018\/02\/K1600_170505GedenkfahrtP1110103-300x169.jpg 300w, https:\/\/www.msi-tirol.com\/wp-content\/uploads\/2018\/02\/K1600_170505GedenkfahrtP1110103-768x432.jpg 768w, https:\/\/www.msi-tirol.com\/wp-content\/uploads\/2018\/02\/K1600_170505GedenkfahrtP1110103-1024x576.jpg 1024w\" sizes=\"(max-width: 300px) 100vw, 300px\" \/><\/a><\/figure><\/div>","protected":false},"excerpt":{"rendered":"<p>Die Motorradsaison 2026 starten wir mit unserer j\u00e4hrlichen Gedenkfahrt! Da der 1. Freitag im Mai auf einen Feiertag f\u00e4llt, findet die Gedenkfahrt 2026 am zweiten Freitag im Mai (8. Mai 2026) um 18:00 Uhr statt. Wir treffen uns wie gewohnt in der Amraser Stra\u00dfe 115, 6020 Innsbruck bei der ehemaligen Umkehrschleife der Stra\u00dfenbahnlinie 3. Die&hellip; <a class=\"more-link\" href=\"https:\/\/www.msi-tirol.com\/?page_id=1031\"><span class=\"screen-reader-text\">J\u00e4hrliche Gedenkfahrt<\/span> weiterlesen<\/a><\/p>\n","protected":false},"author":9,"featured_media":0,"parent":23,"menu_order":0,"comment_status":"closed","ping_status":"closed","template":"","meta":[],"_links":{"self":[{"href":"https:\/\/www.msi-tirol.com\/index.php?rest_route=\/wp\/v2\/pages\/1031"}],"collection":[{"href":"https:\/\/www.msi-tirol.com\/index.php?rest_route=\/wp\/v2\/pages"}],"about":[{"href":"https:\/\/www.msi-tirol.com\/index.php?rest_route=\/wp\/v2\/types\/page"}],"author":[{"embeddable":true,"href":"https:\/\/www.msi-tirol.com\/index.php?rest_route=\/wp\/v2\/users\/9"}],"replies":[{"embeddable":true,"href":"https:\/\/www.msi-tirol.com\/index.php?rest_route=%2Fwp%2Fv2%2Fcomments&post=1031"}],"version-history":[{"count":90,"href":"https:\/\/www.msi-tirol.com\/index.php?rest_route=\/wp\/v2\/pages\/1031\/revisions"}],"predecessor-version":[{"id":2567,"href":"https:\/\/www.msi-tirol.com\/index.php?rest_route=\/wp\/v2\/pages\/1031\/revisions\/2567"}],"up":[{"embeddable":true,"href":"https:\/\/www.msi-tirol.com\/index.php?rest_route=\/wp\/v2\/pages\/23"}],"wp:attachment":[{"href":"https:\/\/www.msi-tirol.com\/index.php?rest_route=%2Fwp%2Fv2%2Fmedia&parent=1031"}],"curies":[{"name":"wp","href":"https:\/\/api.w.org\/{rel}","templated":true}]}}